{"id":1093,"date":"2014-12-21T15:25:43","date_gmt":"2014-12-21T14:25:43","guid":{"rendered":"https:\/\/www.cie111.com\/contact-2\/"},"modified":"2025-01-23T15:27:48","modified_gmt":"2025-01-23T14:27:48","slug":"contact","status":"publish","type":"page","link":"https:\/\/www.cie111.com\/en\/contact\/","title":{"rendered":"Contact"},"content":{"rendered":"<div class=\"contact-info\">\n<div class=\"col-6\"><strong>Aur\u00e9lien Bory<\/strong> Artistic director<br \/>\n<a href=\"mailto:thomasdupeyron@cie111.com\"><strong>Thomas Dupeyron<\/strong><\/a> Technical manager<br \/>\n<a href=\"mailto:aureliemagnat@cie111.com\"><strong>Aur\u00e9lie Magnat<\/strong><\/a> Administrator<br \/>\n<a href=\"mailto:mariereculon@cie111.com\"><strong>Marie Reculon<\/strong><\/a> Head of productions< <\/div>\n<div class=\"col-6\"><strong>Compagnie 111 &#8211; Aur\u00e9lien Bory<\/strong><br \/>\n3 rue de la Digue<br \/>\n31300 Toulouse<br \/>\nT\u00e9l : +33 (0)5 61 47 00 06<br \/>\nFax : +33 (0)5 61 47 03 83<br \/>\ncontact[a]cie111.com<\/div>\n<div><\/div>\n<div class=\"col-6\"><strong>Doroth\u00e9e Duplan<\/strong> press office<br \/>\nAgence Plan Bey<br \/>\n+33 (0)1 48 06 52 27 \/ bienvenue[a]planbey.com<\/div>\n<div class=\"col-6\">\n<br \/>\n<strong>Association office<\/strong><br \/>\n<strong>Jean-Louis Guth<\/strong>, president<br \/>\n<strong>Mich\u00e8le Dupin<\/strong>, treasurer<br \/>\n<strong>Yvette Rocher<\/strong>, secretary<\/div>\n<div class=\"col-6\"><strong>La Compagnie 111 &#8211; Aur\u00e9lien Bory<\/strong><br \/>\nAssociation loi 1901<br \/>\nSiret : 433 576 675 00055<br \/>\nAPE 9001Z<br \/>\nLicence PLATESV-R-2024-002555<\/div>\n<\/div>\n","protected":false},"excerpt":{"rendered":"<p>Aur\u00e9lien Bory Artistic director Thomas Dupeyron Technical manager Aur\u00e9lie Magnat Administrator Marie Reculon Head of productions< Compagnie 111 &#8211; Aur\u00e9lien Bory 3 rue de la Digue 31300 Toulouse T\u00e9l : +33 (0)5 61 47 00 06 Fax : +33 (0)5 61 47 03 83 contact[a]cie111.com Doroth\u00e9e Duplan press office Agence Plan Bey +33 (0)1 48 [&hellip;]\n<\/p>\n","protected":false},"author":1,"featured_media":877,"parent":0,"menu_order":0,"comment_status":"open","ping_status":"open","template":"","meta":{"_monsterinsights_skip_tracking":false,"_monsterinsights_sitenote_active":false,"_monsterinsights_sitenote_note":"","_monsterinsights_sitenote_category":0,"footnotes":""},"class_list":["post-1093","page","type-page","status-publish","has-post-thumbnail","hentry"],"acf":[],"_links":{"self":[{"href":"https:\/\/www.cie111.com\/en\/wp-json\/wp\/v2\/pages\/1093","targetHints":{"allow":["GET"]}}],"collection":[{"href":"https:\/\/www.cie111.com\/en\/wp-json\/wp\/v2\/pages"}],"about":[{"href":"https:\/\/www.cie111.com\/en\/wp-json\/wp\/v2\/types\/page"}],"author":[{"embeddable":true,"href":"https:\/\/www.cie111.com\/en\/wp-json\/wp\/v2\/users\/1"}],"replies":[{"embeddable":true,"href":"https:\/\/www.cie111.com\/en\/wp-json\/wp\/v2\/comments?post=1093"}],"version-history":[{"count":34,"href":"https:\/\/www.cie111.com\/en\/wp-json\/wp\/v2\/pages\/1093\/revisions"}],"predecessor-version":[{"id":8334,"href":"https:\/\/www.cie111.com\/en\/wp-json\/wp\/v2\/pages\/1093\/revisions\/8334"}],"wp:featuredmedia":[{"embeddable":true,"href":"https:\/\/www.cie111.com\/en\/wp-json\/wp\/v2\/media\/877"}],"wp:attachment":[{"href":"https:\/\/www.cie111.com\/en\/wp-json\/wp\/v2\/media?parent=1093"}],"curies":[{"name":"wp","href":"https:\/\/api.w.org\/{rel}","templated":true}]}}